{"id":19,"date":"2020-04-19T21:17:29","date_gmt":"2020-04-19T21:17:29","guid":{"rendered":"http:\/\/xasem.com\/?page_id=19"},"modified":"2021-02-09T22:41:09","modified_gmt":"2021-02-09T22:41:09","slug":"promocions","status":"publish","type":"page","link":"https:\/\/xasem.com\/ca\/promocions\/","title":{"rendered":"Promocions"},"content":{"rendered":"<p><div class=\"fusion-fullwidth fullwidth-box fusion-builder-row-1 nonhundred-percent-fullwidth non-hundred-percent-height-scrolling\" style=\"--awb-background-position:right top;--awb-border-radius-top-left:0px;--awb-border-radius-top-right:0px;--awb-border-radius-bottom-right:0px;--awb-border-radius-bottom-left:0px;--awb-padding-top:4%;--awb-padding-right:0%;--awb-padding-bottom:2%;--awb-padding-left:0px;--awb-margin-top:0px;--awb-margin-bottom:0px;--awb-background-color:#f2f2f2;--awb-flex-wrap:wrap;\" ><div class=\"fusion-builder-row fusion-row\"><div class=\"fusion-layout-column fusion_builder_column fusion-builder-column-0 fusion_builder_column_1_1 1_1 fusion-one-full fusion-column-first fusion-column-last\" style=\"--awb-padding-top:0%;--awb-padding-right:0%;--awb-padding-bottom:0%;--awb-padding-left:0%;--awb-bg-size:cover;--awb-margin-bottom:50px;\"><div class=\"fusion-column-wrapper fusion-column-has-shadow fusion-flex-column-wrapper-legacy\"><div class=\"fusion-image-element in-legacy-container\" style=\"--awb-caption-title-font-family:var(--h2_typography-font-family);--awb-caption-title-font-weight:var(--h2_typography-font-weight);--awb-caption-title-font-style:var(--h2_typography-font-style);--awb-caption-title-size:var(--h2_typography-font-size);--awb-caption-title-transform:var(--h2_typography-text-transform);--awb-caption-title-line-height:var(--h2_typography-line-height);--awb-caption-title-letter-spacing:var(--h2_typography-letter-spacing);\"><span class=\" fusion-imageframe imageframe-none imageframe-1 hover-type-none\"><img decoding=\"async\" src=\"http:\/\/xasem.com\/wp-content\/uploads\/2020\/04\/Promo-Nena.jpg\" alt class=\"img-responsive\"\/><\/span><\/div><div class=\"fusion-text fusion-text-1\"><h1 style=\"text-align: center;\"><span style=\"color: #3771b3;\"><strong>ENVIA&#8217;NS EL TEU DIBUIX<br \/>\nCOL\u00b7LABORA AMB NOSALTRES!<\/strong><\/span><\/h1>\n<p class=\"p1\" style=\"text-align: center;\"><span class=\"s2\" style=\"color: #3771b3; font-size: 14pt;\"><strong>Fes el dibuix sobre fons blanc i envia la imatge amb la millor qualitat possible.<\/strong><br \/>\n<strong>Quan rebem el dibuix, enviarem una plantilla, per saber la talla de la samarreta.*<\/strong><br \/>\n<span style=\"font-size: 12pt;\">(Samarreta m\u00e0niga curta blanca 100% cot\u00f3).<\/span><br \/>\n<\/span><\/p>\n<h2 class=\"p1\" style=\"text-align: center;\"><span style=\"color: #3771b3;\">Samarreta solid\u00e0ria amb el teu dibuix | Preu 16\u20ac<\/span><\/h2>\n<p class=\"p1\" style=\"text-align: center;\"><span class=\"s2\" style=\"color: #3771b3; font-size: 10pt;\">*XaSEM donar\u00e0 el 25% de cada samarreta a la Fundaci\u00f3 Althaia. *Bages i Bergued\u00e0 transport gratu\u00eft, la resta de poblacions de Catalunya suplement 1\u20ac.<\/span><\/p>\n<\/div><div class=\"fusion-image-element in-legacy-container\" style=\"--awb-caption-title-font-family:var(--h2_typography-font-family);--awb-caption-title-font-weight:var(--h2_typography-font-weight);--awb-caption-title-font-style:var(--h2_typography-font-style);--awb-caption-title-size:var(--h2_typography-font-size);--awb-caption-title-transform:var(--h2_typography-text-transform);--awb-caption-title-line-height:var(--h2_typography-line-height);--awb-caption-title-letter-spacing:var(--h2_typography-letter-spacing);\"><span class=\" fusion-imageframe imageframe-none imageframe-2 hover-type-none\"><img decoding=\"async\" width=\"1500\" height=\"255\" src=\"http:\/\/xasem.com\/wp-content\/uploads\/2020\/04\/Promo-Samarreta-icones.jpg\" alt class=\"img-responsive wp-image-183\" srcset=\"https:\/\/xasem.com\/wp-content\/uploads\/2020\/04\/Promo-Samarreta-icones-200x34.jpg 200w, https:\/\/xasem.com\/wp-content\/uploads\/2020\/04\/Promo-Samarreta-icones-400x68.jpg 400w, https:\/\/xasem.com\/wp-content\/uploads\/2020\/04\/Promo-Samarreta-icones-600x102.jpg 600w, https:\/\/xasem.com\/wp-content\/uploads\/2020\/04\/Promo-Samarreta-icones-800x136.jpg 800w, https:\/\/xasem.com\/wp-content\/uploads\/2020\/04\/Promo-Samarreta-icones-1200x204.jpg 1200w, https:\/\/xasem.com\/wp-content\/uploads\/2020\/04\/Promo-Samarreta-icones.jpg 1500w\" sizes=\"(max-width: 800px) 100vw, 1500px\" \/><\/span><\/div><div class=\"fusion-clearfix\"><\/div><\/div><\/div><\/div><\/div><div class=\"fusion-fullwidth fullwidth-box fusion-builder-row-2 nonhundred-percent-fullwidth non-hundred-percent-height-scrolling\" style=\"--awb-background-position:right top;--awb-border-radius-top-left:0px;--awb-border-radius-top-right:0px;--awb-border-radius-bottom-right:0px;--awb-border-radius-bottom-left:0px;--awb-padding-top:2%;--awb-padding-right:0%;--awb-padding-bottom:2%;--awb-padding-left:0px;--awb-margin-top:0px;--awb-margin-bottom:0px;--awb-background-color:#cecece;--awb-flex-wrap:wrap;\" ><div class=\"fusion-builder-row fusion-row\"><div class=\"fusion-layout-column fusion_builder_column fusion-builder-column-1 fusion_builder_column_1_1 1_1 fusion-one-full fusion-column-first fusion-column-last\" style=\"--awb-padding-top:0%;--awb-padding-right:0%;--awb-padding-bottom:0%;--awb-padding-left:0%;--awb-bg-size:cover;--awb-margin-bottom:50px;\"><div class=\"fusion-column-wrapper fusion-column-has-shadow fusion-flex-column-wrapper-legacy\"><div class=\"fusion-text fusion-text-2\"><h1 style=\"text-align: center;\"><span style=\"color: #3771b3;\"><strong>SOM-HI?<\/strong><\/span><\/h1>\n<\/div>[contact-form-7 id=&#8221;189&#8243; \/]<div class=\"fusion-text fusion-text-3\"><p style=\"text-align: center;\"><span style=\"font-size: 10pt;\">*Tots els camps s\u00f3n obligatoris.<\/span><\/p>\n<\/div><div class=\"fusion-clearfix\"><\/div><\/div><\/div><\/div><\/div><\/p>\n","protected":false},"excerpt":{"rendered":"","protected":false},"author":22,"featured_media":0,"parent":0,"menu_order":4,"comment_status":"closed","ping_status":"closed","template":"100-width.php","meta":{"footnotes":""},"class_list":["post-19","page","type-page","status-publish","hentry"],"_links":{"self":[{"href":"https:\/\/xasem.com\/ca\/wp-json\/wp\/v2\/pages\/19","targetHints":{"allow":["GET"]}}],"collection":[{"href":"https:\/\/xasem.com\/ca\/wp-json\/wp\/v2\/pages"}],"about":[{"href":"https:\/\/xasem.com\/ca\/wp-json\/wp\/v2\/types\/page"}],"author":[{"embeddable":true,"href":"https:\/\/xasem.com\/ca\/wp-json\/wp\/v2\/users\/22"}],"replies":[{"embeddable":true,"href":"https:\/\/xasem.com\/ca\/wp-json\/wp\/v2\/comments?post=19"}],"version-history":[{"count":32,"href":"https:\/\/xasem.com\/ca\/wp-json\/wp\/v2\/pages\/19\/revisions"}],"predecessor-version":[{"id":425,"href":"https:\/\/xasem.com\/ca\/wp-json\/wp\/v2\/pages\/19\/revisions\/425"}],"wp:attachment":[{"href":"https:\/\/xasem.com\/ca\/wp-json\/wp\/v2\/media?parent=19"}],"curies":[{"name":"wp","href":"https:\/\/api.w.org\/{rel}","templated":true}]}}