{"id":17,"date":"2020-04-19T21:16:53","date_gmt":"2020-04-19T21:16:53","guid":{"rendered":"http:\/\/xasem.com\/?page_id=17"},"modified":"2021-02-09T22:29:33","modified_gmt":"2021-02-09T22:29:33","slug":"serveis","status":"publish","type":"page","link":"https:\/\/xasem.com\/ca\/serveis\/","title":{"rendered":"Serveis"},"content":{"rendered":"<div class=\"fusion-fullwidth fullwidth-box fusion-builder-row-1 fusion-parallax-fixed nonhundred-percent-fullwidth non-hundred-percent-height-scrolling\" style=\"--awb-background-position:right top;--awb-border-radius-top-left:0px;--awb-border-radius-top-right:0px;--awb-border-radius-bottom-right:0px;--awb-border-radius-bottom-left:0px;--awb-padding-top:5%;--awb-padding-right:0%;--awb-padding-bottom:5%;--awb-padding-left:0px;--awb-margin-top:0px;--awb-margin-bottom:0px;--awb-background-image:url(&quot;http:\/\/xasem.com\/wp-content\/uploads\/2020\/04\/Imatge-Serveis.jpg&quot;);--awb-background-size:cover;--awb-flex-wrap:wrap;background-attachment:fixed;\" ><div class=\"fusion-builder-row fusion-row\"><div class=\"fusion-layout-column fusion_builder_column fusion-builder-column-0 fusion_builder_column_1_2 1_2 fusion-one-half fusion-column-first\" style=\"--awb-padding-top:0%;--awb-padding-right:0%;--awb-padding-bottom:0%;--awb-padding-left:0%;--awb-bg-size:cover;--awb-margin-top:50px;--awb-margin-bottom:50px;width:50%;width:calc(50% - ( ( 4% ) * 0.5 ) );margin-right: 4%;\"><div class=\"fusion-column-wrapper fusion-column-has-shadow fusion-flex-column-wrapper-legacy\"><div class=\"fusion-clearfix\"><\/div><\/div><\/div><div class=\"fusion-layout-column fusion_builder_column fusion-builder-column-1 fusion_builder_column_1_2 1_2 fusion-one-half fusion-column-last\" style=\"--awb-padding-top:0%;--awb-padding-right:0%;--awb-padding-bottom:0%;--awb-padding-left:0%;--awb-bg-size:cover;--awb-margin-top:50px;--awb-margin-bottom:50px;width:50%;width:calc(50% - ( ( 4% ) * 0.5 ) );\"><div class=\"fusion-column-wrapper fusion-column-has-shadow fusion-flex-column-wrapper-legacy\"><div class=\"fusion-text fusion-text-1\"><h1><strong>SERVEIS<\/strong><br \/>\n<strong>D&#8217;IMPRESSI\u00d3<\/strong><\/h1>\n<h3 class=\"p1\"><strong><span class=\"s3\">Vinil t\u00e8xtil<\/span><\/strong><\/h3>\n<p class=\"p1\"><span class=\"s2\">Material adhesiu especial per a t\u00e8xtil. Es prepara amb el ploter de tall i es transfereix a la roba mitjan\u00e7ant escalfor i pressi\u00f3. De gran durada i definici\u00f3. S\u2019adapta a t\u00e8xtils de cot\u00f3 i de poli\u00e8ster. Ideal per a feines petites, de poques unitats. <\/span><\/p>\n<h3 class=\"p1\"><strong><span class=\"s3\">Vinil t\u00e8xtil digital<\/span><\/strong><\/h3>\n<p class=\"p1\"><span class=\"s2\">Material adhesiu de color blanc, pintat amb tintes eco solvents. \u00das espec\u00edfic per a dissenys a tot color que no es poden estampar amb vinil b\u00e1sic. Es talla amb el pl\u00f2ter i es transfereix a la roba mitjan\u00e7ant calor i pressi\u00f3. De gran durada i definici\u00f3.<span class=\"Apple-converted-space\">\u00a0 <\/span>S\u2019adapta a t\u00e8xtils de cot\u00f3 i de poli\u00e8ster.<\/span><\/p>\n<h3 class=\"p1\"><strong><span class=\"s3\">\u00a0Serigrafia<\/span><\/strong><\/h3>\n<p class=\"p1\"><span class=\"s2\">Procediment d\u2019impressi\u00f3 a trav\u00e9s del qual s\u2019estampa fent servir pantalles. Aquestes s\u2019elaboren amb teles de seda o de nylon, muntades en un marc. Immediatament, i amb esp\u00e0tules, es traspassa la pintura al t\u00e8xtil o producte. De definici\u00f3 mitja, de llarga durada. Es el sistema m\u00e9s conegut per tothom, i el m\u00e9s popular. Ideal per a grans produccions.<\/span><\/p>\n<h3 class=\"p1\"><strong><span class=\"s3\">\u00a0Sublimaci\u00f3<\/span><\/strong><\/h3>\n<p class=\"p1\"><span class=\"s1\">Sistema de marcatge mitjan\u00e7ant l\u2019alta temperatura, on escalfem la tinta fins que es transforma en gas. D\u2019aquesta manera, aconseguim que formi una uni\u00f3 permanent amb el material que volem personalitzar. Qualitat d\u2019imatge fotogr\u00e0fica. Resultat de llarga durada i alta resist\u00e8ncia. Impressi\u00f3 apta per a t\u00e8xtil de poli\u00e8ster en colors clars i per a productes preparats per sublimar. Recomanat en dissenys de molt color i molta definici\u00f3<\/span><span class=\"s2\">.<\/span><\/p>\n<h3 class=\"p1\"><strong><span class=\"s3\">Impressi\u00f3 digital directa<\/span><\/strong><\/h3>\n<p class=\"p1\"><span class=\"s1\">Innovador sistema d\u2019impressi\u00f3 per marcar directament sobre t\u00e8xtil de cot\u00f3. S\u2019aconsegueix a trav\u00e9s d\u2019impressores d\u2019alta definici\u00f3 que fan servir tintes especials de llarga durada. Qualitat fotogr\u00e0fica d\u2019impressi\u00f3. \u00c9s una t\u00e8cnica molt innovadora<\/span><span class=\"s2\">.<\/span><\/p>\n<h3 class=\"p1\"><strong><span class=\"s3\">\u00a0Tr\u00e0nsfers<\/span><\/strong><\/h3>\n<p class=\"p1\"><span class=\"s1\">S\u00f3n una variant de la serigrafia. Primer, la tinta s\u2019aplica sobre paper, i des del paper, es transfereix al t\u00e8xtil mitjan\u00e7ant escalfor. T\u00e9 molt bona definici\u00f3. \u00c9s un sistema molt interessant per a empreses amb molt moviment de personal, ja que, un cop fets els transfers, s\u2019apliquen r\u00e0pidament, i es poden aplicar en produccions d\u2019una sola unitat. Ideal per a logotips munlticolor, gravats en quatricromia (CMYK) i colors especials PMS<\/span><span class=\"s2\">.<\/span><\/p>\n<h3 class=\"p1\"><strong><span class=\"s3\">\u00a0Tampografia<\/span><\/strong><\/h3>\n<p class=\"p1\"><span class=\"s1\">T\u00e8cnica d\u2019impressi\u00f3 mitjan\u00e7ant motllures. Sistema molt utilitzat, ja que s\u2019adapata a moltissims materials, superficies i dissenys. Recomanat per a grans produccions<\/span><span class=\"s2\">.<\/span><\/p>\n<h3 class=\"p1\"><strong><span class=\"s3\">UV<\/span><\/strong><\/h3>\n<p class=\"p1\"><span class=\"s1\">Nou sistema d\u2019impressi\u00f3, molt revolucionari i molt eficient. La tinta s\u2019aplica al producte i s\u2019asseca pr\u00e0cticament d\u2019immediat a trav\u00e9s d\u2019una r\u00e0fega de llum ultraviolada LED. Qualitat m\u00e0xima i a tot color. Es pot aplicar pr\u00e0cticament sobre qualsevol material, sempre i quan la superf\u00edcie sigui plana<\/span><span class=\"s2\">.<\/span><\/p>\n<h3 class=\"p1\"><strong><span class=\"s3\">Gran format<\/span><\/strong><\/h3>\n<p class=\"p1\"><span class=\"s2\">Especialistes en lones i banderoles per a events culturals, trobades esportives, operacions comercials&#8230; Fabriquem lones disponibles en una extensa varietat de materials adaptats a cada context: anti-curving, certificat M1, ecol\u00f2giques sense PVC\u2026 Totes elles acabades amb ullets i\/o tensors per a facilitar la instal\u00b7laci\u00f3.\u00a0<\/span><\/p>\n<h3 class=\"p3\"><strong><span class=\"s2\">Exposicions, events i stands<\/span><\/strong><\/h3>\n<p class=\"p1\"><span class=\"s2\">Fabriquem i instal\u00b7lem qualsevol element visual per anunciar, organitzar i\/o guiar als usuaris a trav\u00e9s de diferents espais, tant dins d\u2019exposicions permanents o ef\u00edmeres, com per ajudar als visitants a que la seva experi\u00e9ncia sigui completa. <\/span><\/p>\n<p class=\"p1\"><span class=\"s2\">Ens encarreguem de la fabricaci\u00f3 i muntatge de superficies personalitzades per a tot tipus de fires i\/o events. <\/span><\/p>\n<h3 class=\"p1\"><strong><span class=\"s3\">PLV Retail<\/span><\/strong><\/h3>\n<p class=\"p1\"><span class=\"s2\">Produ\u00efm i distribu\u00efm tota classe de materials promocionals per a punts de venta. Aix\u00ed com de la senyal\u00e8ctica i decoraci\u00f3, tant interna com externa, de botigues i locals comercials. Tamb\u00e9, gr\u00e0cies als nostres partners i col\u00b7laboradors, ens mantenim sempre alerta de les \u00faltimes novetats pel que fa a materials i estructures, intentant sempre, destacar i diferenciar-nos de la compet\u00e8ncia. <\/span><\/p>\n<h3 class=\"p1\"><strong><span class=\"s1\">Impremta | Digital &amp; \u00f2fset<\/span><\/strong><\/h3>\n<p class=\"p1\"><span class=\"s2\">Fabriquem productes com targetes de visita, targetes dobles o triples, fulletons, flyers, p\u00f2sters, cat\u00e0legs, llibres, revistes, etiquetes, packaging, material per a oficines, calendaris, segells, tampons, sobres, blocs, elements decoratius&#8230; <\/span><\/p>\n<h3 class=\"p1\"><strong><span class=\"s1\">Serveis | Disseny gr\u00e0fic<\/span><\/strong><\/h3>\n<p class=\"p1\"><span class=\"s2\">Podem crear el seu logotip, la seva identitat personal. Aix\u00ed com aplicar-la sobre qualsevol medi.<\/span><\/p>\n<\/div><div class=\"fusion-clearfix\"><\/div><\/div><\/div><\/div><\/div>\n","protected":false},"excerpt":{"rendered":"","protected":false},"author":22,"featured_media":0,"parent":0,"menu_order":3,"comment_status":"closed","ping_status":"closed","template":"100-width.php","meta":{"footnotes":""},"class_list":["post-17","page","type-page","status-publish","hentry"],"_links":{"self":[{"href":"https:\/\/xasem.com\/ca\/wp-json\/wp\/v2\/pages\/17","targetHints":{"allow":["GET"]}}],"collection":[{"href":"https:\/\/xasem.com\/ca\/wp-json\/wp\/v2\/pages"}],"about":[{"href":"https:\/\/xasem.com\/ca\/wp-json\/wp\/v2\/types\/page"}],"author":[{"embeddable":true,"href":"https:\/\/xasem.com\/ca\/wp-json\/wp\/v2\/users\/22"}],"replies":[{"embeddable":true,"href":"https:\/\/xasem.com\/ca\/wp-json\/wp\/v2\/comments?post=17"}],"version-history":[{"count":19,"href":"https:\/\/xasem.com\/ca\/wp-json\/wp\/v2\/pages\/17\/revisions"}],"predecessor-version":[{"id":397,"href":"https:\/\/xasem.com\/ca\/wp-json\/wp\/v2\/pages\/17\/revisions\/397"}],"wp:attachment":[{"href":"https:\/\/xasem.com\/ca\/wp-json\/wp\/v2\/media?parent=17"}],"curies":[{"name":"wp","href":"https:\/\/api.w.org\/{rel}","templated":true}]}}