{"id":15,"date":"2020-04-19T21:14:19","date_gmt":"2020-04-19T21:14:19","guid":{"rendered":"http:\/\/xasem.com\/?page_id=15"},"modified":"2021-03-05T17:17:44","modified_gmt":"2021-03-05T17:17:44","slug":"xasem","status":"publish","type":"page","link":"https:\/\/xasem.com\/ca\/xasem\/","title":{"rendered":"Xasem"},"content":{"rendered":"<div class=\"fusion-fullwidth fullwidth-box fusion-builder-row-1 nonhundred-percent-fullwidth non-hundred-percent-height-scrolling\" style=\"--awb-background-position:right top;--awb-border-radius-top-left:0px;--awb-border-radius-top-right:0px;--awb-border-radius-bottom-right:0px;--awb-border-radius-bottom-left:0px;--awb-margin-top:0px;--awb-margin-bottom:0px;--awb-background-color:#feb8d4;--awb-flex-wrap:wrap;\" ><div class=\"fusion-builder-row fusion-row\"><div class=\"fusion-layout-column fusion_builder_column fusion-builder-column-0 fusion_builder_column_1_2 1_2 fusion-one-half fusion-column-first\" style=\"--awb-padding-top:0%;--awb-padding-right:0%;--awb-padding-bottom:0%;--awb-padding-left:0%;--awb-bg-size:cover;--awb-margin-top:50px;--awb-margin-bottom:50px;width:50%;width:calc(50% - ( ( 4% ) * 0.5 ) );margin-right: 4%;\"><div class=\"fusion-column-wrapper fusion-column-has-shadow fusion-flex-column-wrapper-legacy\"><div class=\"fusion-text fusion-text-1\"><h1>XaSEM<\/h1>\n<p>Som una empresa jove, din\u00e0mica i creativa. Especialistes en m\u00e0rqueting promocional, ens dediquem a oferir solucions de comunicaci\u00f3 promocional.<\/p>\n<p>La nostra activitat va comen\u00e7ar l&#8217;any 2007. Des de llavors, XaSEM ha anat creixent, evolucionant, acumulant experi\u00e8ncies, aprenentatges i formacions.<\/p>\n<p>La nostra feina comen\u00e7a amb l&#8217;assessorament i el disseny segons cada necessitat.<\/p>\n<p>Els principals valors en els quals es basa la nostra empresa son: la confian\u00e7a, el servei, la innovaci\u00f3, la proximitat i la flexibilitat.<\/p>\n<p>Treballem sempre pensant en els nostres clients. Els oferim les millors solucions a les seves demandes. Sempre des de la avantguarda, prop de les novetats, tant de producte com de maquin\u00e0ria. Ens adaptem a cada situaci\u00f3, a cada necessitat, a cada client. De manera amable i propera, creant vincles de confian\u00e7a i respecte entre ambdues parts.<\/p>\n<p>El nostre principal \u00e0mbit de treball \u00e9s el marxandatge, especialitzat en el disseny gr\u00e0fic i la personalitzaci\u00f3. Tamb\u00e9 la creaci\u00f3 de logotips, l&#8217;evoluci\u00f3 de les imatges corporatives i l&#8217;aplicaci\u00f3 d&#8217;identitats variades tant en t\u00e8xtil com en producte.<\/p>\n<\/div><div class=\"fusion-clearfix\"><\/div><\/div><\/div><div class=\"fusion-layout-column fusion_builder_column fusion-builder-column-1 fusion_builder_column_1_2 1_2 fusion-one-half fusion-column-last\" style=\"--awb-padding-top:45%;--awb-padding-right:0%;--awb-padding-bottom:0%;--awb-padding-left:0%;--awb-bg-size:cover;--awb-margin-bottom:0px;width:50%;width:calc(50% - ( ( 4% ) * 0.5 ) );\"><div class=\"fusion-column-wrapper fusion-column-has-shadow fusion-flex-column-wrapper-legacy\"><div class=\"fusion-image-element in-legacy-container\" style=\"--awb-caption-title-font-family:var(--h2_typography-font-family);--awb-caption-title-font-weight:var(--h2_typography-font-weight);--awb-caption-title-font-style:var(--h2_typography-font-style);--awb-caption-title-size:var(--h2_typography-font-size);--awb-caption-title-transform:var(--h2_typography-text-transform);--awb-caption-title-line-height:var(--h2_typography-line-height);--awb-caption-title-letter-spacing:var(--h2_typography-letter-spacing);\"><span class=\" fusion-imageframe imageframe-none imageframe-1 hover-type-none fusion-animated\" data-animationType=\"fadeIn\" data-animationDuration=\"1.0\" data-animationOffset=\"top-into-view\"><img decoding=\"async\" width=\"2119\" height=\"2120\" src=\"http:\/\/xasem.com\/wp-content\/uploads\/2020\/04\/Mujerindepe.jpg\" alt class=\"img-responsive wp-image-65\" srcset=\"https:\/\/xasem.com\/wp-content\/uploads\/2020\/04\/Mujerindepe-200x200.jpg 200w, https:\/\/xasem.com\/wp-content\/uploads\/2020\/04\/Mujerindepe-400x400.jpg 400w, https:\/\/xasem.com\/wp-content\/uploads\/2020\/04\/Mujerindepe-600x600.jpg 600w, https:\/\/xasem.com\/wp-content\/uploads\/2020\/04\/Mujerindepe-800x800.jpg 800w, https:\/\/xasem.com\/wp-content\/uploads\/2020\/04\/Mujerindepe-1200x1201.jpg 1200w, https:\/\/xasem.com\/wp-content\/uploads\/2020\/04\/Mujerindepe.jpg 2119w\" sizes=\"(max-width: 800px) 100vw, 600px\" \/><\/span><\/div><div class=\"fusion-clearfix\"><\/div><\/div><\/div><\/div><\/div>\n","protected":false},"excerpt":{"rendered":"","protected":false},"author":22,"featured_media":0,"parent":0,"menu_order":2,"comment_status":"closed","ping_status":"closed","template":"100-width.php","meta":{"footnotes":""},"class_list":["post-15","page","type-page","status-publish","hentry"],"_links":{"self":[{"href":"https:\/\/xasem.com\/ca\/wp-json\/wp\/v2\/pages\/15","targetHints":{"allow":["GET"]}}],"collection":[{"href":"https:\/\/xasem.com\/ca\/wp-json\/wp\/v2\/pages"}],"about":[{"href":"https:\/\/xasem.com\/ca\/wp-json\/wp\/v2\/types\/page"}],"author":[{"embeddable":true,"href":"https:\/\/xasem.com\/ca\/wp-json\/wp\/v2\/users\/22"}],"replies":[{"embeddable":true,"href":"https:\/\/xasem.com\/ca\/wp-json\/wp\/v2\/comments?post=15"}],"version-history":[{"count":66,"href":"https:\/\/xasem.com\/ca\/wp-json\/wp\/v2\/pages\/15\/revisions"}],"predecessor-version":[{"id":473,"href":"https:\/\/xasem.com\/ca\/wp-json\/wp\/v2\/pages\/15\/revisions\/473"}],"wp:attachment":[{"href":"https:\/\/xasem.com\/ca\/wp-json\/wp\/v2\/media?parent=15"}],"curies":[{"name":"wp","href":"https:\/\/api.w.org\/{rel}","templated":true}]}}